{"id":743,"date":"2024-01-04T21:09:56","date_gmt":"2024-01-04T18:09:56","guid":{"rendered":"https:\/\/voerndiek.de\/wp-dayi\/?page_id=743"},"modified":"2024-12-21T18:43:59","modified_gmt":"2024-12-21T15:43:59","slug":"offnungszeiten","status":"publish","type":"page","link":"https:\/\/voerndiek.de\/wp-dayi\/?page_id=743","title":{"rendered":"\u00d6ffnungszeiten"},"content":{"rendered":"\t\t<div data-elementor-type=\"wp-page\" data-elementor-id=\"743\" class=\"elementor elementor-743\">\n\t\t\t\t<div class=\"elementor-element elementor-element-1e2bbca e-con-full e-flex e-con e-parent\" data-id=\"1e2bbca\" data-element_type=\"container\" id=\"next\" data-settings=\"{&quot;content_width&quot;:&quot;full&quot;,&quot;container_type&quot;:&quot;flex&quot;}\" data-core-v316-plus=\"true\">\n\t\t\t\t<div class=\"elementor-element elementor-element-703c3649 elementor-widget elementor-widget-heading\" data-id=\"703c3649\" data-element_type=\"widget\" data-widget_type=\"heading.default\">\n\t\t\t\t<div class=\"elementor-widget-container\">\n\t\t\t<style>\/*! elementor - v3.19.0 - 07-02-2024 *\/\n.elementor-heading-title{padding:0;margin:0;line-height:1}.elementor-widget-heading .elementor-heading-title[class*=elementor-size-]>a{color:inherit;font-size:inherit;line-height:inherit}.elementor-widget-heading .elementor-heading-title.elementor-size-small{font-size:15px}.elementor-widget-heading .elementor-heading-title.elementor-size-medium{font-size:19px}.elementor-widget-heading .elementor-heading-title.elementor-size-large{font-size:29px}.elementor-widget-heading .elementor-heading-title.elementor-size-xl{font-size:39px}.elementor-widget-heading .elementor-heading-title.elementor-size-xxl{font-size:59px}<\/style><h3 class=\"elementor-heading-title elementor-size-default\">\u00d6ffnungszeiten<\/h3>\t\t<\/div>\n\t\t\t\t<\/div>\n\t\t\t\t<div class=\"elementor-element elementor-element-380739a2 elementor-widget elementor-widget-heading\" data-id=\"380739a2\" data-element_type=\"widget\" data-widget_type=\"heading.default\">\n\t\t\t\t<div class=\"elementor-widget-container\">\n\t\t\t<p class=\"elementor-heading-title elementor-size-default\">Aktuelle \u00d6ffnungszeiten\nWir haben t\u00e4glich von<br>11:30 Uhr bis 14:30 Uhr\n17:00 Uhr bis 21:00 Uhr<\/p>\t\t<\/div>\n\t\t\t\t<\/div>\n\t\t<div class=\"elementor-element elementor-element-74afdd94 e-con-full e-flex e-con e-child\" data-id=\"74afdd94\" data-element_type=\"container\" data-settings=\"{&quot;content_width&quot;:&quot;full&quot;,&quot;container_type&quot;:&quot;flex&quot;}\">\n\t\t<div class=\"elementor-element elementor-element-2179bd87 e-con-full e-flex e-con e-child\" data-id=\"2179bd87\" data-element_type=\"container\" data-settings=\"{&quot;content_width&quot;:&quot;full&quot;,&quot;container_type&quot;:&quot;flex&quot;}\">\n\t\t\t\t<div class=\"elementor-element elementor-element-45e3aede elementor-position-top elementor-widget elementor-widget-image-box\" data-id=\"45e3aede\" data-element_type=\"widget\" data-widget_type=\"image-box.default\">\n\t\t\t\t<div class=\"elementor-widget-container\">\n\t\t\t<style>\/*! elementor - v3.19.0 - 07-02-2024 *\/\n.elementor-widget-image-box .elementor-image-box-content{width:100%}@media (min-width:768px){.elementor-widget-image-box.elementor-position-left .elementor-image-box-wrapper,.elementor-widget-image-box.elementor-position-right .elementor-image-box-wrapper{display:flex}.elementor-widget-image-box.elementor-position-right .elementor-image-box-wrapper{text-align:right;flex-direction:row-reverse}.elementor-widget-image-box.elementor-position-left .elementor-image-box-wrapper{text-align:left;flex-direction:row}.elementor-widget-image-box.elementor-position-top .elementor-image-box-img{margin:auto}.elementor-widget-image-box.elementor-vertical-align-top .elementor-image-box-wrapper{align-items:flex-start}.elementor-widget-image-box.elementor-vertical-align-middle .elementor-image-box-wrapper{align-items:center}.elementor-widget-image-box.elementor-vertical-align-bottom .elementor-image-box-wrapper{align-items:flex-end}}@media (max-width:767px){.elementor-widget-image-box .elementor-image-box-img{margin-left:auto!important;margin-right:auto!important;margin-bottom:15px}}.elementor-widget-image-box .elementor-image-box-img{display:inline-block}.elementor-widget-image-box .elementor-image-box-title a{color:inherit}.elementor-widget-image-box .elementor-image-box-wrapper{text-align:center}.elementor-widget-image-box .elementor-image-box-description{margin:0}<\/style><div class=\"elementor-image-box-wrapper\"><figure class=\"elementor-image-box-img\"><a href=\"#\" tabindex=\"-1\"><img fetchpriority=\"high\" decoding=\"async\" width=\"1600\" height=\"1200\" src=\"https:\/\/voerndiek.de\/wp-dayi\/wp-content\/uploads\/2024\/02\/67411faf-2beb-45d7-b6a0-e3957938b139.jpg\" class=\"elementor-animation-grow attachment-full size-full wp-image-1552\" alt=\"\" srcset=\"https:\/\/voerndiek.de\/wp-dayi\/wp-content\/uploads\/2024\/02\/67411faf-2beb-45d7-b6a0-e3957938b139.jpg 1600w, https:\/\/voerndiek.de\/wp-dayi\/wp-content\/uploads\/2024\/02\/67411faf-2beb-45d7-b6a0-e3957938b139-300x225.jpg 300w, https:\/\/voerndiek.de\/wp-dayi\/wp-content\/uploads\/2024\/02\/67411faf-2beb-45d7-b6a0-e3957938b139-1024x768.jpg 1024w, https:\/\/voerndiek.de\/wp-dayi\/wp-content\/uploads\/2024\/02\/67411faf-2beb-45d7-b6a0-e3957938b139-768x576.jpg 768w, https:\/\/voerndiek.de\/wp-dayi\/wp-content\/uploads\/2024\/02\/67411faf-2beb-45d7-b6a0-e3957938b139-1536x1152.jpg 1536w\" sizes=\"(max-width: 1600px) 100vw, 1600px\" \/><\/a><\/figure><div class=\"elementor-image-box-content\"><h4 class=\"elementor-image-box-title\"><a href=\"#\">1. T\u00e4glich f\u00fcr Sie da!<\/a><\/h4><p class=\"elementor-image-box-description\">Unsere T\u00fcren stehen jeden Tag offen \u2013 verpassen Sie nicht die Gelegenheit, unsere Spezialit\u00e4ten zu genie\u00dfen<\/p><\/div><\/div>\t\t<\/div>\n\t\t\t\t<\/div>\n\t\t\t\t<\/div>\n\t\t<div class=\"elementor-element elementor-element-28408931 e-con-full e-flex e-con e-child\" data-id=\"28408931\" data-element_type=\"container\" data-settings=\"{&quot;content_width&quot;:&quot;full&quot;,&quot;container_type&quot;:&quot;flex&quot;}\">\n\t\t\t\t<div class=\"elementor-element elementor-element-5d29a8f8 elementor-position-top elementor-widget elementor-widget-image-box\" data-id=\"5d29a8f8\" data-element_type=\"widget\" data-widget_type=\"image-box.default\">\n\t\t\t\t<div class=\"elementor-widget-container\">\n\t\t\t<div class=\"elementor-image-box-wrapper\"><figure class=\"elementor-image-box-img\"><a href=\"#\" tabindex=\"-1\"><img decoding=\"async\" width=\"1600\" height=\"1200\" src=\"https:\/\/voerndiek.de\/wp-dayi\/wp-content\/uploads\/2024\/02\/daae4858-4422-44fd-bb16-be569717465b.jpg\" class=\"elementor-animation-grow attachment-full size-full wp-image-1600\" alt=\"\" srcset=\"https:\/\/voerndiek.de\/wp-dayi\/wp-content\/uploads\/2024\/02\/daae4858-4422-44fd-bb16-be569717465b.jpg 1600w, https:\/\/voerndiek.de\/wp-dayi\/wp-content\/uploads\/2024\/02\/daae4858-4422-44fd-bb16-be569717465b-300x225.jpg 300w, https:\/\/voerndiek.de\/wp-dayi\/wp-content\/uploads\/2024\/02\/daae4858-4422-44fd-bb16-be569717465b-1024x768.jpg 1024w, https:\/\/voerndiek.de\/wp-dayi\/wp-content\/uploads\/2024\/02\/daae4858-4422-44fd-bb16-be569717465b-768x576.jpg 768w, https:\/\/voerndiek.de\/wp-dayi\/wp-content\/uploads\/2024\/02\/daae4858-4422-44fd-bb16-be569717465b-1536x1152.jpg 1536w\" sizes=\"(max-width: 1600px) 100vw, 1600px\" \/><\/a><\/figure><div class=\"elementor-image-box-content\"><h4 class=\"elementor-image-box-title\"><a href=\"#\">2. Genuss zur Mittagszeit und am Abend<\/a><\/h4><p class=\"elementor-image-box-description\">Ob f\u00fcr eine entspannte Mittagspause oder ein gem\u00fctliches Abendessen \u2013 wir sind f\u00fcr Sie bereit!<\/p><\/div><\/div>\t\t<\/div>\n\t\t\t\t<\/div>\n\t\t\t\t<\/div>\n\t\t<div class=\"elementor-element elementor-element-409a2388 e-con-full e-flex e-con e-child\" data-id=\"409a2388\" data-element_type=\"container\" data-settings=\"{&quot;content_width&quot;:&quot;full&quot;,&quot;container_type&quot;:&quot;flex&quot;}\">\n\t\t\t\t<div class=\"elementor-element elementor-element-300f2dbf elementor-position-top elementor-widget elementor-widget-image-box\" data-id=\"300f2dbf\" data-element_type=\"widget\" data-widget_type=\"image-box.default\">\n\t\t\t\t<div class=\"elementor-widget-container\">\n\t\t\t<div class=\"elementor-image-box-wrapper\"><figure class=\"elementor-image-box-img\"><a href=\"#\" tabindex=\"-1\"><img decoding=\"async\" width=\"1600\" height=\"1200\" src=\"https:\/\/voerndiek.de\/wp-dayi\/wp-content\/uploads\/2024\/02\/fdfa46f2-0925-45f9-b9bb-790b82e27a1e.jpg\" class=\"elementor-animation-grow attachment-full size-full wp-image-1556\" alt=\"\" srcset=\"https:\/\/voerndiek.de\/wp-dayi\/wp-content\/uploads\/2024\/02\/fdfa46f2-0925-45f9-b9bb-790b82e27a1e.jpg 1600w, https:\/\/voerndiek.de\/wp-dayi\/wp-content\/uploads\/2024\/02\/fdfa46f2-0925-45f9-b9bb-790b82e27a1e-300x225.jpg 300w, https:\/\/voerndiek.de\/wp-dayi\/wp-content\/uploads\/2024\/02\/fdfa46f2-0925-45f9-b9bb-790b82e27a1e-1024x768.jpg 1024w, https:\/\/voerndiek.de\/wp-dayi\/wp-content\/uploads\/2024\/02\/fdfa46f2-0925-45f9-b9bb-790b82e27a1e-768x576.jpg 768w, https:\/\/voerndiek.de\/wp-dayi\/wp-content\/uploads\/2024\/02\/fdfa46f2-0925-45f9-b9bb-790b82e27a1e-1536x1152.jpg 1536w\" sizes=\"(max-width: 1600px) 100vw, 1600px\" \/><\/a><\/figure><div class=\"elementor-image-box-content\"><h4 class=\"elementor-image-box-title\"><a href=\"#\">3.Mittagstisch \u2013 T\u00e4glich von 11:30 bis 14:30 Uhr<\/a><\/h4><p class=\"elementor-image-box-description\">Leckere Mittagsgerichte frisch f\u00fcr Sie zubereitet. Perfekt f\u00fcr Ihre Pause oder ein entspanntes Mittagessen!<\/p><\/div><\/div>\t\t<\/div>\n\t\t\t\t<\/div>\n\t\t\t\t<\/div>\n\t\t<div class=\"elementor-element elementor-element-77d12e00 e-con-full e-flex e-con e-child\" data-id=\"77d12e00\" data-element_type=\"container\" data-settings=\"{&quot;content_width&quot;:&quot;full&quot;,&quot;container_type&quot;:&quot;flex&quot;}\">\n\t\t\t\t<div class=\"elementor-element elementor-element-4e091843 elementor-position-top elementor-widget elementor-widget-image-box\" data-id=\"4e091843\" data-element_type=\"widget\" data-widget_type=\"image-box.default\">\n\t\t\t\t<div class=\"elementor-widget-container\">\n\t\t\t<div class=\"elementor-image-box-wrapper\"><figure class=\"elementor-image-box-img\"><a href=\"#\" tabindex=\"-1\"><img loading=\"lazy\" decoding=\"async\" width=\"1600\" height=\"1200\" src=\"https:\/\/voerndiek.de\/wp-dayi\/wp-content\/uploads\/2024\/02\/292d7625-689e-4adf-a715-1e197d6cc479.jpg\" class=\"elementor-animation-grow attachment-full size-full wp-image-1601\" alt=\"\" srcset=\"https:\/\/voerndiek.de\/wp-dayi\/wp-content\/uploads\/2024\/02\/292d7625-689e-4adf-a715-1e197d6cc479.jpg 1600w, https:\/\/voerndiek.de\/wp-dayi\/wp-content\/uploads\/2024\/02\/292d7625-689e-4adf-a715-1e197d6cc479-300x225.jpg 300w, https:\/\/voerndiek.de\/wp-dayi\/wp-content\/uploads\/2024\/02\/292d7625-689e-4adf-a715-1e197d6cc479-1024x768.jpg 1024w, https:\/\/voerndiek.de\/wp-dayi\/wp-content\/uploads\/2024\/02\/292d7625-689e-4adf-a715-1e197d6cc479-768x576.jpg 768w, https:\/\/voerndiek.de\/wp-dayi\/wp-content\/uploads\/2024\/02\/292d7625-689e-4adf-a715-1e197d6cc479-1536x1152.jpg 1536w\" sizes=\"(max-width: 1600px) 100vw, 1600px\" \/><\/a><\/figure><div class=\"elementor-image-box-content\"><h4 class=\"elementor-image-box-title\"><a href=\"#\">4. Frisch, lecker und immer erreichbar<\/a><\/h4><p class=\"elementor-image-box-description\">Von morgens bis abends \u2013 wir bieten Ihnen durchgehend frische Speisen und besten Service.<\/p><\/div><\/div>\t\t<\/div>\n\t\t\t\t<\/div>\n\t\t\t\t<\/div>\n\t\t\t\t<\/div>\n\t\t\t\t<\/div>\n\t\t\t\t<\/div>\n\t\t","protected":false},"excerpt":{"rendered":"<p>\u00d6ffnungszeiten Aktuelle \u00d6ffnungszeiten Wir haben t\u00e4glich von11:30 Uhr bis 14:30 Uhr 17:00 Uhr bis 21:00 Uhr 1. T\u00e4glich f\u00fcr Sie da! Unsere T\u00fcren stehen jeden Tag offen \u2013 verpassen Sie nicht die Gelegenheit, unsere Spezialit\u00e4ten zu genie\u00dfen 2. Genuss zur Mittagszeit und am Abend Ob f\u00fcr eine entspannte Mittagspause oder ein gem\u00fctliches Abendessen \u2013 wir [&hellip;]<\/p>\n","protected":false},"author":1,"featured_media":0,"parent":0,"menu_order":0,"comment_status":"closed","ping_status":"closed","template":"","meta":{"site-sidebar-layout":"no-sidebar","site-content-layout":"page-builder","ast-site-content-layout":"full-width-container","site-content-style":"default","site-sidebar-style":"default","ast-global-header-display":"","ast-banner-title-visibility":"","ast-main-header-display":"","ast-hfb-above-header-display":"","ast-hfb-below-header-display":"","ast-hfb-mobile-header-display":"","site-post-title":"disabled","ast-breadcrumbs-content":"","ast-featured-img":"disabled","footer-sml-layout":"","theme-transparent-header-meta":"","adv-header-id-meta":"","stick-header-meta":"","header-above-stick-meta":"","header-main-stick-meta":"","header-below-stick-meta":"","astra-migrate-meta-layouts":"set","ast-page-background-enabled":"default","ast-page-background-meta":{"desktop":{"background-color":"","background-image":"","background-repeat":"repeat","background-position":"center center","background-size":"auto","background-attachment":"scroll","background-type":"","background-media":"","overlay-type":"","overlay-color":"","overlay-gradient":""},"tablet":{"background-color":"","background-image":"","background-repeat":"repeat","background-position":"center center","background-size":"auto","background-attachment":"scroll","background-type":"","background-media":"","overlay-type":"","overlay-color":"","overlay-gradient":""},"mobile":{"background-color":"","background-image":"","background-repeat":"repeat","background-position":"center center","background-size":"auto","background-attachment":"scroll","background-type":"","background-media":"","overlay-type":"","overlay-color":"","overlay-gradient":""}},"ast-content-background-meta":{"desktop":{"background-color":"var(--ast-global-color-5)","background-image":"","background-repeat":"repeat","background-position":"center center","background-size":"auto","background-attachment":"scroll","background-type":"","background-media":"","overlay-type":"","overlay-color":"","overlay-gradient":""},"tablet":{"background-color":"var(--ast-global-color-5)","background-image":"","background-repeat":"repeat","background-position":"center center","background-size":"auto","background-attachment":"scroll","background-type":"","background-media":"","overlay-type":"","overlay-color":"","overlay-gradient":""},"mobile":{"background-color":"var(--ast-global-color-5)","background-image":"","background-repeat":"repeat","background-position":"center center","background-size":"auto","background-attachment":"scroll","background-type":"","background-media":"","overlay-type":"","overlay-color":"","overlay-gradient":""}},"footnotes":""},"class_list":["post-743","page","type-page","status-publish","hentry"],"_links":{"self":[{"href":"https:\/\/voerndiek.de\/wp-dayi\/index.php?rest_route=\/wp\/v2\/pages\/743","targetHints":{"allow":["GET"]}}],"collection":[{"href":"https:\/\/voerndiek.de\/wp-dayi\/index.php?rest_route=\/wp\/v2\/pages"}],"about":[{"href":"https:\/\/voerndiek.de\/wp-dayi\/index.php?rest_route=\/wp\/v2\/types\/page"}],"author":[{"embeddable":true,"href":"https:\/\/voerndiek.de\/wp-dayi\/index.php?rest_route=\/wp\/v2\/users\/1"}],"replies":[{"embeddable":true,"href":"https:\/\/voerndiek.de\/wp-dayi\/index.php?rest_route=%2Fwp%2Fv2%2Fcomments&post=743"}],"version-history":[{"count":55,"href":"https:\/\/voerndiek.de\/wp-dayi\/index.php?rest_route=\/wp\/v2\/pages\/743\/revisions"}],"predecessor-version":[{"id":1835,"href":"https:\/\/voerndiek.de\/wp-dayi\/index.php?rest_route=\/wp\/v2\/pages\/743\/revisions\/1835"}],"wp:attachment":[{"href":"https:\/\/voerndiek.de\/wp-dayi\/index.php?rest_route=%2Fwp%2Fv2%2Fmedia&parent=743"}],"curies":[{"name":"wp","href":"https:\/\/api.w.org\/{rel}","templated":true}]}}