{"id":699,"date":"2023-12-28T14:58:14","date_gmt":"2023-12-28T11:58:14","guid":{"rendered":"https:\/\/voerndiek.de\/wp-dayi\/?page_id=699"},"modified":"2024-12-12T14:37:32","modified_gmt":"2024-12-12T11:37:32","slug":"dahme","status":"publish","type":"page","link":"https:\/\/voerndiek.de\/wp-dayi\/?page_id=699","title":{"rendered":"Dahme"},"content":{"rendered":"\t\t<div data-elementor-type=\"wp-page\" data-elementor-id=\"699\" class=\"elementor elementor-699\">\n\t\t\t\t<div class=\"elementor-element elementor-element-iazn732 e-flex e-con-boxed e-con e-parent\" data-id=\"iazn732\" data-element_type=\"container\" data-settings=\"{&quot;background_background&quot;:&quot;classic&quot;,&quot;container_type&quot;:&quot;flex&quot;,&quot;content_width&quot;:&quot;boxed&quot;}\" data-e-bg-lazyload=\"\" data-core-v316-plus=\"true\">\n\t\t\t\t\t<div class=\"e-con-inner\">\n\t\t\t\t<div class=\"elementor-element elementor-element-3337077 elementor-widget__width-initial elementor-hidden-tablet elementor-hidden-mobile elementor-invisible elementor-widget elementor-widget-heading\" data-id=\"3337077\" data-element_type=\"widget\" data-settings=\"{&quot;_animation&quot;:&quot;zoomIn&quot;}\" data-widget_type=\"heading.default\">\n\t\t\t\t<div class=\"elementor-widget-container\">\n\t\t\t<style>\/*! elementor - v3.19.0 - 07-02-2024 *\/\n.elementor-heading-title{padding:0;margin:0;line-height:1}.elementor-widget-heading .elementor-heading-title[class*=elementor-size-]>a{color:inherit;font-size:inherit;line-height:inherit}.elementor-widget-heading .elementor-heading-title.elementor-size-small{font-size:15px}.elementor-widget-heading .elementor-heading-title.elementor-size-medium{font-size:19px}.elementor-widget-heading .elementor-heading-title.elementor-size-large{font-size:29px}.elementor-widget-heading .elementor-heading-title.elementor-size-xl{font-size:39px}.elementor-widget-heading .elementor-heading-title.elementor-size-xxl{font-size:59px}<\/style><h1 class=\"elementor-heading-title elementor-size-default\">Entdecke die Sch\u00f6nheit <br>von Dahme.<\/h1>\t\t<\/div>\n\t\t\t\t<\/div>\n\t\t\t\t\t<\/div>\n\t\t\t\t<\/div>\n\t\t<div class=\"elementor-element elementor-element-4n442p1 e-flex e-con-boxed e-con e-parent\" data-id=\"4n442p1\" data-element_type=\"container\" data-settings=\"{&quot;background_background&quot;:&quot;classic&quot;,&quot;container_type&quot;:&quot;flex&quot;,&quot;content_width&quot;:&quot;boxed&quot;}\" data-core-v316-plus=\"true\">\n\t\t\t\t\t<div class=\"e-con-inner\">\n\t\t<div class=\"elementor-element elementor-element-2c5c7ca e-con-full e-flex e-con e-child\" data-id=\"2c5c7ca\" data-element_type=\"container\" data-settings=\"{&quot;content_width&quot;:&quot;full&quot;,&quot;container_type&quot;:&quot;flex&quot;}\">\n\t\t\t\t<div class=\"elementor-element elementor-element-ee248ae elementor-widget elementor-widget-image\" data-id=\"ee248ae\" data-element_type=\"widget\" data-widget_type=\"image.default\">\n\t\t\t\t<div class=\"elementor-widget-container\">\n\t\t\t<style>\/*! elementor - v3.19.0 - 07-02-2024 *\/\n.elementor-widget-image{text-align:center}.elementor-widget-image a{display:inline-block}.elementor-widget-image a img[src$=\".svg\"]{width:48px}.elementor-widget-image img{vertical-align:middle;display:inline-block}<\/style>\t\t\t\t\t\t\t\t\t\t<img fetchpriority=\"high\" decoding=\"async\" width=\"768\" height=\"1024\" src=\"https:\/\/voerndiek.de\/wp-dayi\/wp-content\/uploads\/2024\/01\/7byUpf4V6MJ0E4vOZNjgy-768x1024.jpg\" class=\"attachment-medium_large size-medium_large wp-image-898\" alt=\"\" srcset=\"https:\/\/voerndiek.de\/wp-dayi\/wp-content\/uploads\/2024\/01\/7byUpf4V6MJ0E4vOZNjgy-768x1024.jpg 768w, https:\/\/voerndiek.de\/wp-dayi\/wp-content\/uploads\/2024\/01\/7byUpf4V6MJ0E4vOZNjgy-225x300.jpg 225w, https:\/\/voerndiek.de\/wp-dayi\/wp-content\/uploads\/2024\/01\/7byUpf4V6MJ0E4vOZNjgy-1152x1536.jpg 1152w, https:\/\/voerndiek.de\/wp-dayi\/wp-content\/uploads\/2024\/01\/7byUpf4V6MJ0E4vOZNjgy-1536x2048.jpg 1536w, https:\/\/voerndiek.de\/wp-dayi\/wp-content\/uploads\/2024\/01\/7byUpf4V6MJ0E4vOZNjgy.jpg 1600w\" sizes=\"(max-width: 768px) 100vw, 768px\" \/>\t\t\t\t\t\t\t\t\t\t\t\t\t<\/div>\n\t\t\t\t<\/div>\n\t\t\t\t<div class=\"elementor-element elementor-element-64b6114 elementor-widget elementor-widget-text-editor\" data-id=\"64b6114\" data-element_type=\"widget\" data-widget_type=\"text-editor.default\">\n\t\t\t\t<div class=\"elementor-widget-container\">\n\t\t\t<style>\/*! elementor - v3.19.0 - 07-02-2024 *\/\n.elementor-widget-text-editor.elementor-drop-cap-view-stacked .elementor-drop-cap{background-color:#69727d;color:#fff}.elementor-widget-text-editor.elementor-drop-cap-view-framed .elementor-drop-cap{color:#69727d;border:3px solid;background-color:transparent}.elementor-widget-text-editor:not(.elementor-drop-cap-view-default) .elementor-drop-cap{margin-top:8px}.elementor-widget-text-editor:not(.elementor-drop-cap-view-default) .elementor-drop-cap-letter{width:1em;height:1em}.elementor-widget-text-editor .elementor-drop-cap{float:left;text-align:center;line-height:1;font-size:50px}.elementor-widget-text-editor .elementor-drop-cap-letter{display:inline-block}<\/style>\t\t\t\t<p>Dahme hat einen wundersch\u00f6nen, breiten Sandstrand, der flach ins Wasser abf\u00e4llt. An der kilometerlangen Strandpromenade trifft man sich um in einem der zahlreichen Restaurants und Caf\u00e9s mit Blick auf die Ostsee zu genie\u00dfen.<\/p>\t\t\t\t\t\t<\/div>\n\t\t\t\t<\/div>\n\t\t\t\t<\/div>\n\t\t<div class=\"elementor-element elementor-element-460fb27 e-con-full e-flex e-con e-child\" data-id=\"460fb27\" data-element_type=\"container\" data-settings=\"{&quot;content_width&quot;:&quot;full&quot;,&quot;container_type&quot;:&quot;flex&quot;}\">\n\t\t\t\t<div class=\"elementor-element elementor-element-a506a5f elementor-widget elementor-widget-image-box\" data-id=\"a506a5f\" data-element_type=\"widget\" data-widget_type=\"image-box.default\">\n\t\t\t\t<div class=\"elementor-widget-container\">\n\t\t\t<style>\/*! elementor - v3.19.0 - 07-02-2024 *\/\n.elementor-widget-image-box .elementor-image-box-content{width:100%}@media (min-width:768px){.elementor-widget-image-box.elementor-position-left .elementor-image-box-wrapper,.elementor-widget-image-box.elementor-position-right .elementor-image-box-wrapper{display:flex}.elementor-widget-image-box.elementor-position-right .elementor-image-box-wrapper{text-align:right;flex-direction:row-reverse}.elementor-widget-image-box.elementor-position-left .elementor-image-box-wrapper{text-align:left;flex-direction:row}.elementor-widget-image-box.elementor-position-top .elementor-image-box-img{margin:auto}.elementor-widget-image-box.elementor-vertical-align-top .elementor-image-box-wrapper{align-items:flex-start}.elementor-widget-image-box.elementor-vertical-align-middle .elementor-image-box-wrapper{align-items:center}.elementor-widget-image-box.elementor-vertical-align-bottom .elementor-image-box-wrapper{align-items:flex-end}}@media (max-width:767px){.elementor-widget-image-box .elementor-image-box-img{margin-left:auto!important;margin-right:auto!important;margin-bottom:15px}}.elementor-widget-image-box .elementor-image-box-img{display:inline-block}.elementor-widget-image-box .elementor-image-box-title a{color:inherit}.elementor-widget-image-box .elementor-image-box-wrapper{text-align:center}.elementor-widget-image-box .elementor-image-box-description{margin:0}<\/style><div class=\"elementor-image-box-wrapper\"><div class=\"elementor-image-box-content\"><h2 class=\"elementor-image-box-title\">Erlebe den Zauber der Ostsee<\/h2><p class=\"elementor-image-box-description\">Dahme ist ein beliebter Urlaubsort an der schleswig-holsteinischen Ostseek\u00fcste. Dahme liegt etwa in der Mitte zwischen der Insel Fehmarn und der Hansestadt L\u00fcbeck. \n\n<\/p><\/div><\/div>\t\t<\/div>\n\t\t\t\t<\/div>\n\t\t\t\t<div class=\"elementor-element elementor-element-860a9cc elementor-widget elementor-widget-image\" data-id=\"860a9cc\" data-element_type=\"widget\" data-widget_type=\"image.default\">\n\t\t\t\t<div class=\"elementor-widget-container\">\n\t\t\t\t\t\t\t\t\t\t\t\t\t<img decoding=\"async\" width=\"1152\" height=\"2048\" src=\"https:\/\/voerndiek.de\/wp-dayi\/wp-content\/uploads\/2024\/01\/293995761_2598670800266993_1481833604718854820_n.jpg\" class=\"attachment-full size-full wp-image-916\" alt=\"\" srcset=\"https:\/\/voerndiek.de\/wp-dayi\/wp-content\/uploads\/2024\/01\/293995761_2598670800266993_1481833604718854820_n.jpg 1152w, https:\/\/voerndiek.de\/wp-dayi\/wp-content\/uploads\/2024\/01\/293995761_2598670800266993_1481833604718854820_n-169x300.jpg 169w, https:\/\/voerndiek.de\/wp-dayi\/wp-content\/uploads\/2024\/01\/293995761_2598670800266993_1481833604718854820_n-576x1024.jpg 576w, https:\/\/voerndiek.de\/wp-dayi\/wp-content\/uploads\/2024\/01\/293995761_2598670800266993_1481833604718854820_n-768x1365.jpg 768w, https:\/\/voerndiek.de\/wp-dayi\/wp-content\/uploads\/2024\/01\/293995761_2598670800266993_1481833604718854820_n-864x1536.jpg 864w\" sizes=\"(max-width: 1152px) 100vw, 1152px\" \/>\t\t\t\t\t\t\t\t\t\t\t\t\t<\/div>\n\t\t\t\t<\/div>\n\t\t\t\t<\/div>\n\t\t\t\t\t<\/div>\n\t\t\t\t<\/div>\n\t\t<div class=\"elementor-element elementor-element-3yr4xbl e-flex e-con-boxed e-con e-parent\" data-id=\"3yr4xbl\" data-element_type=\"container\" data-settings=\"{&quot;background_background&quot;:&quot;gradient&quot;,&quot;container_type&quot;:&quot;flex&quot;,&quot;content_width&quot;:&quot;boxed&quot;}\" data-core-v316-plus=\"true\">\n\t\t\t\t\t<div class=\"e-con-inner\">\n\t\t<div class=\"elementor-element elementor-element-c9359ef e-con-full e-flex e-con e-child\" data-id=\"c9359ef\" data-element_type=\"container\" data-settings=\"{&quot;content_width&quot;:&quot;full&quot;,&quot;container_type&quot;:&quot;flex&quot;}\">\n\t\t\t\t<div class=\"elementor-element elementor-element-c2bb43e elementor-widget elementor-widget-image-box\" data-id=\"c2bb43e\" data-element_type=\"widget\" data-widget_type=\"image-box.default\">\n\t\t\t\t<div class=\"elementor-widget-container\">\n\t\t\t<div class=\"elementor-image-box-wrapper\"><div class=\"elementor-image-box-content\"><h2 class=\"elementor-image-box-title\">Dahme: Die Perle der Ostsee<\/h2><p class=\"elementor-image-box-description\">Take a look at some pretty pictures captured in and around our premises.<\/p><\/div><\/div>\t\t<\/div>\n\t\t\t\t<\/div>\n\t\t<div class=\"elementor-element elementor-element-bccdc36 e-con-full e-flex e-con e-child\" data-id=\"bccdc36\" data-element_type=\"container\" data-settings=\"{&quot;content_width&quot;:&quot;full&quot;,&quot;container_type&quot;:&quot;flex&quot;}\">\n\t\t<div class=\"elementor-element elementor-element-4b526c6 e-con-full e-flex e-con e-child\" data-id=\"4b526c6\" data-element_type=\"container\" data-settings=\"{&quot;content_width&quot;:&quot;full&quot;,&quot;container_type&quot;:&quot;flex&quot;}\">\n\t\t\t\t<div class=\"elementor-element elementor-element-5de0275 elementor-widget elementor-widget-image\" data-id=\"5de0275\" data-element_type=\"widget\" data-widget_type=\"image.default\">\n\t\t\t\t<div class=\"elementor-widget-container\">\n\t\t\t\t\t\t\t\t\t\t\t\t\t<img decoding=\"async\" width=\"1024\" height=\"683\" src=\"https:\/\/voerndiek.de\/wp-dayi\/wp-content\/uploads\/2024\/01\/promenade.jpg\" class=\"attachment-full size-full wp-image-905\" alt=\"\" srcset=\"https:\/\/voerndiek.de\/wp-dayi\/wp-content\/uploads\/2024\/01\/promenade.jpg 1024w, https:\/\/voerndiek.de\/wp-dayi\/wp-content\/uploads\/2024\/01\/promenade-300x200.jpg 300w, https:\/\/voerndiek.de\/wp-dayi\/wp-content\/uploads\/2024\/01\/promenade-768x512.jpg 768w\" sizes=\"(max-width: 1024px) 100vw, 1024px\" \/>\t\t\t\t\t\t\t\t\t\t\t\t\t<\/div>\n\t\t\t\t<\/div>\n\t\t\t\t<div class=\"elementor-element elementor-element-7fd5b8d elementor-widget elementor-widget-image\" data-id=\"7fd5b8d\" data-element_type=\"widget\" data-widget_type=\"image.default\">\n\t\t\t\t<div class=\"elementor-widget-container\">\n\t\t\t\t\t\t\t\t\t\t\t\t\t<img loading=\"lazy\" decoding=\"async\" width=\"1024\" height=\"683\" src=\"https:\/\/voerndiek.de\/wp-dayi\/wp-content\/uploads\/2024\/01\/strand.jpg\" class=\"attachment-full size-full wp-image-906\" alt=\"\" srcset=\"https:\/\/voerndiek.de\/wp-dayi\/wp-content\/uploads\/2024\/01\/strand.jpg 1024w, https:\/\/voerndiek.de\/wp-dayi\/wp-content\/uploads\/2024\/01\/strand-300x200.jpg 300w, https:\/\/voerndiek.de\/wp-dayi\/wp-content\/uploads\/2024\/01\/strand-768x512.jpg 768w\" sizes=\"(max-width: 1024px) 100vw, 1024px\" \/>\t\t\t\t\t\t\t\t\t\t\t\t\t<\/div>\n\t\t\t\t<\/div>\n\t\t\t\t<\/div>\n\t\t<div class=\"elementor-element elementor-element-1948d27 e-con-full e-flex e-con e-child\" data-id=\"1948d27\" data-element_type=\"container\" data-settings=\"{&quot;content_width&quot;:&quot;full&quot;,&quot;container_type&quot;:&quot;flex&quot;}\">\n\t\t\t\t<div class=\"elementor-element elementor-element-050adcc elementor-widget elementor-widget-image\" data-id=\"050adcc\" data-element_type=\"widget\" data-widget_type=\"image.default\">\n\t\t\t\t<div class=\"elementor-widget-container\">\n\t\t\t\t\t\t\t\t\t\t\t\t\t<img loading=\"lazy\" decoding=\"async\" width=\"2048\" height=\"1365\" src=\"https:\/\/voerndiek.de\/wp-dayi\/wp-content\/uploads\/2024\/01\/272104005_2439251349542273_5851773652434719451_n.jpg\" class=\"attachment-full size-full wp-image-908\" alt=\"\" srcset=\"https:\/\/voerndiek.de\/wp-dayi\/wp-content\/uploads\/2024\/01\/272104005_2439251349542273_5851773652434719451_n.jpg 2048w, https:\/\/voerndiek.de\/wp-dayi\/wp-content\/uploads\/2024\/01\/272104005_2439251349542273_5851773652434719451_n-300x200.jpg 300w, https:\/\/voerndiek.de\/wp-dayi\/wp-content\/uploads\/2024\/01\/272104005_2439251349542273_5851773652434719451_n-1024x683.jpg 1024w, https:\/\/voerndiek.de\/wp-dayi\/wp-content\/uploads\/2024\/01\/272104005_2439251349542273_5851773652434719451_n-768x512.jpg 768w, https:\/\/voerndiek.de\/wp-dayi\/wp-content\/uploads\/2024\/01\/272104005_2439251349542273_5851773652434719451_n-1536x1024.jpg 1536w\" sizes=\"(max-width: 2048px) 100vw, 2048px\" \/>\t\t\t\t\t\t\t\t\t\t\t\t\t<\/div>\n\t\t\t\t<\/div>\n\t\t\t\t<\/div>\n\t\t\t\t<\/div>\n\t\t<div class=\"elementor-element elementor-element-451ce6b e-con-full e-flex e-con e-child\" data-id=\"451ce6b\" data-element_type=\"container\" data-settings=\"{&quot;content_width&quot;:&quot;full&quot;,&quot;container_type&quot;:&quot;flex&quot;}\">\n\t\t<div class=\"elementor-element elementor-element-63afbe4 e-con-full e-flex e-con e-child\" data-id=\"63afbe4\" data-element_type=\"container\" data-settings=\"{&quot;content_width&quot;:&quot;full&quot;,&quot;container_type&quot;:&quot;flex&quot;}\">\n\t\t\t\t<div class=\"elementor-element elementor-element-8d52935 elementor-widget elementor-widget-image\" data-id=\"8d52935\" data-element_type=\"widget\" data-widget_type=\"image.default\">\n\t\t\t\t<div class=\"elementor-widget-container\">\n\t\t\t\t\t\t\t\t\t\t\t\t\t<img loading=\"lazy\" decoding=\"async\" width=\"1640\" height=\"924\" src=\"https:\/\/voerndiek.de\/wp-dayi\/wp-content\/uploads\/2024\/01\/287310836_2565050606962346_6040469632566436170_n.jpg\" class=\"attachment-full size-full wp-image-910\" alt=\"\" srcset=\"https:\/\/voerndiek.de\/wp-dayi\/wp-content\/uploads\/2024\/01\/287310836_2565050606962346_6040469632566436170_n.jpg 1640w, https:\/\/voerndiek.de\/wp-dayi\/wp-content\/uploads\/2024\/01\/287310836_2565050606962346_6040469632566436170_n-300x169.jpg 300w, https:\/\/voerndiek.de\/wp-dayi\/wp-content\/uploads\/2024\/01\/287310836_2565050606962346_6040469632566436170_n-1024x577.jpg 1024w, https:\/\/voerndiek.de\/wp-dayi\/wp-content\/uploads\/2024\/01\/287310836_2565050606962346_6040469632566436170_n-768x433.jpg 768w, https:\/\/voerndiek.de\/wp-dayi\/wp-content\/uploads\/2024\/01\/287310836_2565050606962346_6040469632566436170_n-1536x865.jpg 1536w\" sizes=\"(max-width: 1640px) 100vw, 1640px\" \/>\t\t\t\t\t\t\t\t\t\t\t\t\t<\/div>\n\t\t\t\t<\/div>\n\t\t\t\t<\/div>\n\t\t<div class=\"elementor-element elementor-element-31fee7b e-con-full e-flex e-con e-child\" data-id=\"31fee7b\" data-element_type=\"container\" data-settings=\"{&quot;content_width&quot;:&quot;full&quot;,&quot;container_type&quot;:&quot;flex&quot;}\">\n\t\t\t\t<div class=\"elementor-element elementor-element-6358bfb elementor-widget elementor-widget-image\" data-id=\"6358bfb\" data-element_type=\"widget\" data-widget_type=\"image.default\">\n\t\t\t\t<div class=\"elementor-widget-container\">\n\t\t\t\t\t\t\t\t\t\t\t\t\t<img loading=\"lazy\" decoding=\"async\" width=\"1170\" height=\"658\" src=\"https:\/\/voerndiek.de\/wp-dayi\/wp-content\/uploads\/2024\/01\/293995258_2598670850266988_1120874715936587877_n.jpg\" class=\"attachment-full size-full wp-image-912\" alt=\"\" srcset=\"https:\/\/voerndiek.de\/wp-dayi\/wp-content\/uploads\/2024\/01\/293995258_2598670850266988_1120874715936587877_n.jpg 1170w, https:\/\/voerndiek.de\/wp-dayi\/wp-content\/uploads\/2024\/01\/293995258_2598670850266988_1120874715936587877_n-300x169.jpg 300w, https:\/\/voerndiek.de\/wp-dayi\/wp-content\/uploads\/2024\/01\/293995258_2598670850266988_1120874715936587877_n-1024x576.jpg 1024w, https:\/\/voerndiek.de\/wp-dayi\/wp-content\/uploads\/2024\/01\/293995258_2598670850266988_1120874715936587877_n-768x432.jpg 768w\" sizes=\"(max-width: 1170px) 100vw, 1170px\" \/>\t\t\t\t\t\t\t\t\t\t\t\t\t<\/div>\n\t\t\t\t<\/div>\n\t\t\t\t<div class=\"elementor-element elementor-element-33c75cc elementor-widget elementor-widget-image\" data-id=\"33c75cc\" data-element_type=\"widget\" data-widget_type=\"image.default\">\n\t\t\t\t<div class=\"elementor-widget-container\">\n\t\t\t\t\t\t\t\t\t\t\t\t\t<img loading=\"lazy\" decoding=\"async\" width=\"1200\" height=\"801\" src=\"https:\/\/voerndiek.de\/wp-dayi\/wp-content\/uploads\/2024\/01\/245668645_2362389403895135_8807916287270275696_n.jpg\" class=\"attachment-full size-full wp-image-913\" alt=\"\" srcset=\"https:\/\/voerndiek.de\/wp-dayi\/wp-content\/uploads\/2024\/01\/245668645_2362389403895135_8807916287270275696_n.jpg 1200w, https:\/\/voerndiek.de\/wp-dayi\/wp-content\/uploads\/2024\/01\/245668645_2362389403895135_8807916287270275696_n-300x200.jpg 300w, https:\/\/voerndiek.de\/wp-dayi\/wp-content\/uploads\/2024\/01\/245668645_2362389403895135_8807916287270275696_n-1024x684.jpg 1024w, https:\/\/voerndiek.de\/wp-dayi\/wp-content\/uploads\/2024\/01\/245668645_2362389403895135_8807916287270275696_n-768x513.jpg 768w\" sizes=\"(max-width: 1200px) 100vw, 1200px\" \/>\t\t\t\t\t\t\t\t\t\t\t\t\t<\/div>\n\t\t\t\t<\/div>\n\t\t\t\t<\/div>\n\t\t\t\t<\/div>\n\t\t\t\t<\/div>\n\t\t\t\t\t<\/div>\n\t\t\t\t<\/div>\n\t\t\t\t<\/div>\n\t\t","protected":false},"excerpt":{"rendered":"<p>Entdecke die Sch\u00f6nheit von Dahme. Dahme hat einen wundersch\u00f6nen, breiten Sandstrand, der flach ins Wasser abf\u00e4llt. An der kilometerlangen Strandpromenade trifft man sich um in einem der zahlreichen Restaurants und Caf\u00e9s mit Blick auf die Ostsee zu genie\u00dfen. Erlebe den Zauber der Ostsee Dahme ist ein beliebter Urlaubsort an der schleswig-holsteinischen Ostseek\u00fcste. Dahme liegt etwa [&hellip;]<\/p>\n","protected":false},"author":2,"featured_media":0,"parent":0,"menu_order":0,"comment_status":"closed","ping_status":"closed","template":"","meta":{"site-sidebar-layout":"no-sidebar","site-content-layout":"page-builder","ast-site-content-layout":"full-width-container","site-content-style":"default","site-sidebar-style":"default","ast-global-header-display":"","ast-banner-title-visibility":"","ast-main-header-display":"","ast-hfb-above-header-display":"","ast-hfb-below-header-display":"","ast-hfb-mobile-header-display":"","site-post-title":"disabled","ast-breadcrumbs-content":"","ast-featured-img":"disabled","footer-sml-layout":"","theme-transparent-header-meta":"","adv-header-id-meta":"","stick-header-meta":"","header-above-stick-meta":"","header-main-stick-meta":"","header-below-stick-meta":"","astra-migrate-meta-layouts":"default","ast-page-background-enabled":"default","ast-page-background-meta":{"desktop":{"background-color":"","background-image":"","background-repeat":"repeat","background-position":"center center","background-size":"auto","background-attachment":"scroll","background-type":"","background-media":"","overlay-type":"","overlay-color":"","overlay-gradient":""},"tablet":{"background-color":"","background-image":"","background-repeat":"repeat","background-position":"center center","background-size":"auto","background-attachment":"scroll","background-type":"","background-media":"","overlay-type":"","overlay-color":"","overlay-gradient":""},"mobile":{"background-color":"","background-image":"","background-repeat":"repeat","background-position":"center center","background-size":"auto","background-attachment":"scroll","background-type":"","background-media":"","overlay-type":"","overlay-color":"","overlay-gradient":""}},"ast-content-background-meta":{"desktop":{"background-color":"var(--ast-global-color-5)","background-image":"","background-repeat":"repeat","background-position":"center center","background-size":"auto","background-attachment":"scroll","background-type":"","background-media":"","overlay-type":"","overlay-color":"","overlay-gradient":""},"tablet":{"background-color":"var(--ast-global-color-5)","background-image":"","background-repeat":"repeat","background-position":"center center","background-size":"auto","background-attachment":"scroll","background-type":"","background-media":"","overlay-type":"","overlay-color":"","overlay-gradient":""},"mobile":{"background-color":"var(--ast-global-color-5)","background-image":"","background-repeat":"repeat","background-position":"center center","background-size":"auto","background-attachment":"scroll","background-type":"","background-media":"","overlay-type":"","overlay-color":"","overlay-gradient":""}},"footnotes":""},"class_list":["post-699","page","type-page","status-publish","hentry"],"_links":{"self":[{"href":"https:\/\/voerndiek.de\/wp-dayi\/index.php?rest_route=\/wp\/v2\/pages\/699","targetHints":{"allow":["GET"]}}],"collection":[{"href":"https:\/\/voerndiek.de\/wp-dayi\/index.php?rest_route=\/wp\/v2\/pages"}],"about":[{"href":"https:\/\/voerndiek.de\/wp-dayi\/index.php?rest_route=\/wp\/v2\/types\/page"}],"author":[{"embeddable":true,"href":"https:\/\/voerndiek.de\/wp-dayi\/index.php?rest_route=\/wp\/v2\/users\/2"}],"replies":[{"embeddable":true,"href":"https:\/\/voerndiek.de\/wp-dayi\/index.php?rest_route=%2Fwp%2Fv2%2Fcomments&post=699"}],"version-history":[{"count":19,"href":"https:\/\/voerndiek.de\/wp-dayi\/index.php?rest_route=\/wp\/v2\/pages\/699\/revisions"}],"predecessor-version":[{"id":1758,"href":"https:\/\/voerndiek.de\/wp-dayi\/index.php?rest_route=\/wp\/v2\/pages\/699\/revisions\/1758"}],"wp:attachment":[{"href":"https:\/\/voerndiek.de\/wp-dayi\/index.php?rest_route=%2Fwp%2Fv2%2Fmedia&parent=699"}],"curies":[{"name":"wp","href":"https:\/\/api.w.org\/{rel}","templated":true}]}}