{"id":255,"date":"2021-05-07T13:45:21","date_gmt":"2021-05-07T13:45:21","guid":{"rendered":"https:\/\/voerndiek.de\/wp-dayi\/home\/"},"modified":"2024-12-21T18:45:36","modified_gmt":"2024-12-21T15:45:36","slug":"home","status":"publish","type":"page","link":"https:\/\/voerndiek.de\/wp-dayi\/","title":{"rendered":"Home"},"content":{"rendered":"\t\t<div data-elementor-type=\"wp-page\" data-elementor-id=\"255\" class=\"elementor elementor-255\">\n\t\t\t\t<div class=\"elementor-element elementor-element-a298723 e-flex e-con-boxed e-con e-parent\" data-id=\"a298723\" data-element_type=\"container\" data-settings=\"{&quot;background_background&quot;:&quot;classic&quot;,&quot;container_type&quot;:&quot;flex&quot;,&quot;content_width&quot;:&quot;boxed&quot;}\" data-e-bg-lazyload=\"\" data-core-v316-plus=\"true\">\n\t\t\t\t\t<div class=\"e-con-inner\">\n\t\t<div class=\"elementor-element elementor-element-9d96fdd e-con-full e-flex e-con e-child\" data-id=\"9d96fdd\" data-element_type=\"container\" data-settings=\"{&quot;content_width&quot;:&quot;full&quot;,&quot;container_type&quot;:&quot;flex&quot;}\">\n\t\t\t\t<div class=\"elementor-element elementor-element-f250ef9 elementor-widget elementor-widget-heading\" data-id=\"f250ef9\" data-element_type=\"widget\" data-widget_type=\"heading.default\">\n\t\t\t\t<div class=\"elementor-widget-container\">\n\t\t\t<style>\/*! elementor - v3.19.0 - 07-02-2024 *\/\n.elementor-heading-title{padding:0;margin:0;line-height:1}.elementor-widget-heading .elementor-heading-title[class*=elementor-size-]>a{color:inherit;font-size:inherit;line-height:inherit}.elementor-widget-heading .elementor-heading-title.elementor-size-small{font-size:15px}.elementor-widget-heading .elementor-heading-title.elementor-size-medium{font-size:19px}.elementor-widget-heading .elementor-heading-title.elementor-size-large{font-size:29px}.elementor-widget-heading .elementor-heading-title.elementor-size-xl{font-size:39px}.elementor-widget-heading .elementor-heading-title.elementor-size-xxl{font-size:59px}<\/style><h2 class=\"elementor-heading-title elementor-size-default\"><a href=\"#\">V\u00f6rn Diek in Dahme\npure Gastfreundschaft<\/a><\/h2>\t\t<\/div>\n\t\t\t\t<\/div>\n\t\t\t\t<div class=\"elementor-element elementor-element-ffc5aa7 elementor-widget elementor-widget-text-editor\" data-id=\"ffc5aa7\" data-element_type=\"widget\" data-widget_type=\"text-editor.default\">\n\t\t\t\t<div class=\"elementor-widget-container\">\n\t\t\t<style>\/*! elementor - v3.19.0 - 07-02-2024 *\/\n.elementor-widget-text-editor.elementor-drop-cap-view-stacked .elementor-drop-cap{background-color:#69727d;color:#fff}.elementor-widget-text-editor.elementor-drop-cap-view-framed .elementor-drop-cap{color:#69727d;border:3px solid;background-color:transparent}.elementor-widget-text-editor:not(.elementor-drop-cap-view-default) .elementor-drop-cap{margin-top:8px}.elementor-widget-text-editor:not(.elementor-drop-cap-view-default) .elementor-drop-cap-letter{width:1em;height:1em}.elementor-widget-text-editor .elementor-drop-cap{float:left;text-align:center;line-height:1;font-size:50px}.elementor-widget-text-editor .elementor-drop-cap-letter{display:inline-block}<\/style>\t\t\t\t<p>Das Restaurant V\u00f6rn Diek ist die Adresse f\u00fcr\u00a0<b>gutes Essen<\/b>\u00a0am Dahmer\u00a0<b>Strand<\/b>. Mit Blick auf die Ostsee genie\u00dfen Sie ein gepflegtes Ambiente, mediterranes Essen mit\u00a0<b>regionalem Charakter<\/b>\u00a0aus frischen Zutaten und ausgew\u00e4hlte Getr\u00e4nke.<\/p><p>Bleiben Sie gerne nach dem Essen auf einem Cocktail. Achten Sie auch auf unsere\u00a0<b>Saisonkarten<\/b>.<\/p>\t\t\t\t\t\t<\/div>\n\t\t\t\t<\/div>\n\t\t\t\t<\/div>\n\t\t\t\t\t<\/div>\n\t\t\t\t<\/div>\n\t\t<div class=\"elementor-element elementor-element-d5c83fb e-flex e-con-boxed e-con e-parent\" data-id=\"d5c83fb\" data-element_type=\"container\" data-settings=\"{&quot;container_type&quot;:&quot;flex&quot;,&quot;content_width&quot;:&quot;boxed&quot;}\" data-core-v316-plus=\"true\">\n\t\t\t\t\t<div class=\"e-con-inner\">\n\t\t<div class=\"elementor-element elementor-element-e99a333 e-con-full e-flex e-con e-child\" data-id=\"e99a333\" data-element_type=\"container\" data-settings=\"{&quot;content_width&quot;:&quot;full&quot;,&quot;container_type&quot;:&quot;flex&quot;}\">\n\t\t\t\t<div class=\"elementor-element elementor-element-40385af elementor-widget__width-initial elementor-widget-mobile__width-inherit elementor-widget-tablet__width-inherit elementor-widget elementor-widget-heading\" data-id=\"40385af\" data-element_type=\"widget\" data-widget_type=\"heading.default\">\n\t\t\t\t<div class=\"elementor-widget-container\">\n\t\t\t<h2 class=\"elementor-heading-title elementor-size-default\">Ambiente<\/h2>\t\t<\/div>\n\t\t\t\t<\/div>\n\t\t\t\t<div class=\"elementor-element elementor-element-032c615 elementor-widget elementor-widget-image\" data-id=\"032c615\" data-element_type=\"widget\" data-widget_type=\"image.default\">\n\t\t\t\t<div class=\"elementor-widget-container\">\n\t\t\t<style>\/*! elementor - v3.19.0 - 07-02-2024 *\/\n.elementor-widget-image{text-align:center}.elementor-widget-image a{display:inline-block}.elementor-widget-image a img[src$=\".svg\"]{width:48px}.elementor-widget-image img{vertical-align:middle;display:inline-block}<\/style>\t\t\t\t\t\t\t\t\t\t<img fetchpriority=\"high\" decoding=\"async\" width=\"600\" height=\"798\" src=\"https:\/\/voerndiek.de\/wp-dayi\/wp-content\/uploads\/2024\/01\/ambiente.jpg\" class=\"attachment-large size-large wp-image-884\" alt=\"\" srcset=\"https:\/\/voerndiek.de\/wp-dayi\/wp-content\/uploads\/2024\/01\/ambiente.jpg 600w, https:\/\/voerndiek.de\/wp-dayi\/wp-content\/uploads\/2024\/01\/ambiente-226x300.jpg 226w\" sizes=\"(max-width: 600px) 100vw, 600px\" \/>\t\t\t\t\t\t\t\t\t\t\t\t\t<\/div>\n\t\t\t\t<\/div>\n\t\t\t\t<\/div>\n\t\t<div class=\"elementor-element elementor-element-bc640bf e-con-full e-flex e-con e-child\" data-id=\"bc640bf\" data-element_type=\"container\" data-settings=\"{&quot;content_width&quot;:&quot;full&quot;,&quot;container_type&quot;:&quot;flex&quot;}\">\n\t\t\t\t<div class=\"elementor-element elementor-element-4c89b1e elementor-vertical-align-top elementor-widget elementor-widget-image-box\" data-id=\"4c89b1e\" data-element_type=\"widget\" data-widget_type=\"image-box.default\">\n\t\t\t\t<div class=\"elementor-widget-container\">\n\t\t\t<style>\/*! elementor - v3.19.0 - 07-02-2024 *\/\n.elementor-widget-image-box .elementor-image-box-content{width:100%}@media (min-width:768px){.elementor-widget-image-box.elementor-position-left .elementor-image-box-wrapper,.elementor-widget-image-box.elementor-position-right .elementor-image-box-wrapper{display:flex}.elementor-widget-image-box.elementor-position-right .elementor-image-box-wrapper{text-align:right;flex-direction:row-reverse}.elementor-widget-image-box.elementor-position-left .elementor-image-box-wrapper{text-align:left;flex-direction:row}.elementor-widget-image-box.elementor-position-top .elementor-image-box-img{margin:auto}.elementor-widget-image-box.elementor-vertical-align-top .elementor-image-box-wrapper{align-items:flex-start}.elementor-widget-image-box.elementor-vertical-align-middle .elementor-image-box-wrapper{align-items:center}.elementor-widget-image-box.elementor-vertical-align-bottom .elementor-image-box-wrapper{align-items:flex-end}}@media (max-width:767px){.elementor-widget-image-box .elementor-image-box-img{margin-left:auto!important;margin-right:auto!important;margin-bottom:15px}}.elementor-widget-image-box .elementor-image-box-img{display:inline-block}.elementor-widget-image-box .elementor-image-box-title a{color:inherit}.elementor-widget-image-box .elementor-image-box-wrapper{text-align:center}.elementor-widget-image-box .elementor-image-box-description{margin:0}<\/style><div class=\"elementor-image-box-wrapper\"><div class=\"elementor-image-box-content\"><h3 class=\"elementor-image-box-title\"><\/br><\/br><\/br><\/h3><p class=\"elementor-image-box-description\">In Restaurant <b>V\u00f6rn Diek<\/b> erwartet Sie eine gepflegt freundliche aber lockere Atmosph\u00e4re. Selbstverst\u00e4ndlich sind auch Familien mit Kindern gerne bei uns gesehen. Regelm\u00e4\u00dfig sind bei uns Musiker zu Gast, die Ihren Abend mit vorz\u00fcglichem Essen bei Kerzenschein und manchmal Klaviermusik zu einem echten Erlebnis werden lassen. Im Restanurant V\u00f6rn Diek an der Dahmer Strandpromenade k\u00f6nnen Sie in der offenen K\u00fcche beim Zubereiten der leckeren Speisen zusehen.<\/p><\/div><\/div>\t\t<\/div>\n\t\t\t\t<\/div>\n\t\t\t\t<\/div>\n\t\t\t\t\t<\/div>\n\t\t\t\t<\/div>\n\t\t<div class=\"elementor-element elementor-element-ae71abc e-flex e-con-boxed e-con e-parent\" data-id=\"ae71abc\" data-element_type=\"container\" data-settings=\"{&quot;background_background&quot;:&quot;classic&quot;,&quot;container_type&quot;:&quot;flex&quot;,&quot;content_width&quot;:&quot;boxed&quot;}\" data-core-v316-plus=\"true\">\n\t\t\t\t\t<div class=\"e-con-inner\">\n\t\t<div class=\"elementor-element elementor-element-099cc1c e-con-full e-flex e-con e-child\" data-id=\"099cc1c\" data-element_type=\"container\" data-settings=\"{&quot;content_width&quot;:&quot;full&quot;,&quot;container_type&quot;:&quot;flex&quot;}\">\n\t\t\t\t<div class=\"elementor-element elementor-element-470825d elementor-position-top elementor-widget elementor-widget-image-box\" data-id=\"470825d\" data-element_type=\"widget\" data-widget_type=\"image-box.default\">\n\t\t\t\t<div class=\"elementor-widget-container\">\n\t\t\t<div class=\"elementor-image-box-wrapper\"><figure class=\"elementor-image-box-img\"><img decoding=\"async\" width=\"1292\" height=\"1029\" src=\"https:\/\/voerndiek.de\/wp-dayi\/wp-content\/uploads\/2024\/12\/c5287a11-bbcb-4887-8fb3-cd1624385b19.png\" class=\"attachment-full size-full wp-image-1615\" alt=\"\" srcset=\"https:\/\/voerndiek.de\/wp-dayi\/wp-content\/uploads\/2024\/12\/c5287a11-bbcb-4887-8fb3-cd1624385b19.png 1292w, https:\/\/voerndiek.de\/wp-dayi\/wp-content\/uploads\/2024\/12\/c5287a11-bbcb-4887-8fb3-cd1624385b19-300x239.png 300w, https:\/\/voerndiek.de\/wp-dayi\/wp-content\/uploads\/2024\/12\/c5287a11-bbcb-4887-8fb3-cd1624385b19-1024x816.png 1024w, https:\/\/voerndiek.de\/wp-dayi\/wp-content\/uploads\/2024\/12\/c5287a11-bbcb-4887-8fb3-cd1624385b19-768x612.png 768w\" sizes=\"(max-width: 1292px) 100vw, 1292px\" \/><\/figure><\/div>\t\t<\/div>\n\t\t\t\t<\/div>\n\t\t\t\t<div class=\"elementor-element elementor-element-6f28bd1 elementor-position-top elementor-widget elementor-widget-image-box\" data-id=\"6f28bd1\" data-element_type=\"widget\" data-widget_type=\"image-box.default\">\n\t\t\t\t<div class=\"elementor-widget-container\">\n\t\t\t<div class=\"elementor-image-box-wrapper\"><figure class=\"elementor-image-box-img\"><img decoding=\"async\" width=\"1776\" height=\"1460\" src=\"https:\/\/voerndiek.de\/wp-dayi\/wp-content\/uploads\/2024\/12\/f7624240-bd5b-4d98-b7ef-1a3b38b7d62e.png\" class=\"attachment-full size-full wp-image-1616\" alt=\"\" srcset=\"https:\/\/voerndiek.de\/wp-dayi\/wp-content\/uploads\/2024\/12\/f7624240-bd5b-4d98-b7ef-1a3b38b7d62e.png 1776w, https:\/\/voerndiek.de\/wp-dayi\/wp-content\/uploads\/2024\/12\/f7624240-bd5b-4d98-b7ef-1a3b38b7d62e-300x247.png 300w, https:\/\/voerndiek.de\/wp-dayi\/wp-content\/uploads\/2024\/12\/f7624240-bd5b-4d98-b7ef-1a3b38b7d62e-1024x842.png 1024w, https:\/\/voerndiek.de\/wp-dayi\/wp-content\/uploads\/2024\/12\/f7624240-bd5b-4d98-b7ef-1a3b38b7d62e-768x631.png 768w, https:\/\/voerndiek.de\/wp-dayi\/wp-content\/uploads\/2024\/12\/f7624240-bd5b-4d98-b7ef-1a3b38b7d62e-1536x1263.png 1536w\" sizes=\"(max-width: 1776px) 100vw, 1776px\" \/><\/figure><\/div>\t\t<\/div>\n\t\t\t\t<\/div>\n\t\t\t\t<\/div>\n\t\t<div class=\"elementor-element elementor-element-91bd717 e-con-full e-flex e-con e-child\" data-id=\"91bd717\" data-element_type=\"container\" data-settings=\"{&quot;content_width&quot;:&quot;full&quot;,&quot;container_type&quot;:&quot;flex&quot;}\">\n\t\t\t\t<div class=\"elementor-element elementor-element-a79c7eb elementor-position-top elementor-widget elementor-widget-image-box\" data-id=\"a79c7eb\" data-element_type=\"widget\" data-widget_type=\"image-box.default\">\n\t\t\t\t<div class=\"elementor-widget-container\">\n\t\t\t<div class=\"elementor-image-box-wrapper\"><figure class=\"elementor-image-box-img\"><img loading=\"lazy\" decoding=\"async\" width=\"960\" height=\"720\" src=\"https:\/\/voerndiek.de\/wp-dayi\/wp-content\/uploads\/2024\/12\/51f5c5d2-4e67-405f-a226-5f4cb04aed00.png\" class=\"attachment-full size-full wp-image-1797\" alt=\"\" srcset=\"https:\/\/voerndiek.de\/wp-dayi\/wp-content\/uploads\/2024\/12\/51f5c5d2-4e67-405f-a226-5f4cb04aed00.png 960w, https:\/\/voerndiek.de\/wp-dayi\/wp-content\/uploads\/2024\/12\/51f5c5d2-4e67-405f-a226-5f4cb04aed00-300x225.png 300w, https:\/\/voerndiek.de\/wp-dayi\/wp-content\/uploads\/2024\/12\/51f5c5d2-4e67-405f-a226-5f4cb04aed00-768x576.png 768w\" sizes=\"(max-width: 960px) 100vw, 960px\" \/><\/figure><\/div>\t\t<\/div>\n\t\t\t\t<\/div>\n\t\t\t\t<div class=\"elementor-element elementor-element-a88b953 elementor-position-top elementor-widget elementor-widget-image-box\" data-id=\"a88b953\" data-element_type=\"widget\" data-widget_type=\"image-box.default\">\n\t\t\t\t<div class=\"elementor-widget-container\">\n\t\t\t<div class=\"elementor-image-box-wrapper\"><figure class=\"elementor-image-box-img\"><img loading=\"lazy\" decoding=\"async\" width=\"1600\" height=\"1200\" src=\"https:\/\/voerndiek.de\/wp-dayi\/wp-content\/uploads\/2024\/12\/202c1f20-4174-44d9-a62a-fe09634aa818.png\" class=\"attachment-full size-full wp-image-1798\" alt=\"\" srcset=\"https:\/\/voerndiek.de\/wp-dayi\/wp-content\/uploads\/2024\/12\/202c1f20-4174-44d9-a62a-fe09634aa818.png 1600w, https:\/\/voerndiek.de\/wp-dayi\/wp-content\/uploads\/2024\/12\/202c1f20-4174-44d9-a62a-fe09634aa818-300x225.png 300w, https:\/\/voerndiek.de\/wp-dayi\/wp-content\/uploads\/2024\/12\/202c1f20-4174-44d9-a62a-fe09634aa818-1024x768.png 1024w, https:\/\/voerndiek.de\/wp-dayi\/wp-content\/uploads\/2024\/12\/202c1f20-4174-44d9-a62a-fe09634aa818-768x576.png 768w, https:\/\/voerndiek.de\/wp-dayi\/wp-content\/uploads\/2024\/12\/202c1f20-4174-44d9-a62a-fe09634aa818-1536x1152.png 1536w\" sizes=\"(max-width: 1600px) 100vw, 1600px\" \/><\/figure><\/div>\t\t<\/div>\n\t\t\t\t<\/div>\n\t\t\t\t<\/div>\n\t\t\t\t\t<\/div>\n\t\t\t\t<\/div>\n\t\t<div class=\"elementor-element elementor-element-e7cf8f3 e-flex e-con-boxed e-con e-parent\" data-id=\"e7cf8f3\" data-element_type=\"container\" data-settings=\"{&quot;background_background&quot;:&quot;classic&quot;,&quot;container_type&quot;:&quot;flex&quot;,&quot;content_width&quot;:&quot;boxed&quot;}\" data-e-bg-lazyload=\"\" data-core-v316-plus=\"true\">\n\t\t\t\t\t<div class=\"e-con-inner\">\n\t\t<div class=\"elementor-element elementor-element-a018b2d e-con-full e-flex e-con e-child\" data-id=\"a018b2d\" data-element_type=\"container\" data-settings=\"{&quot;content_width&quot;:&quot;full&quot;,&quot;container_type&quot;:&quot;flex&quot;}\">\n\t\t\t\t<\/div>\n\t\t\t\t\t<\/div>\n\t\t\t\t<\/div>\n\t\t\t\t<\/div>\n\t\t","protected":false},"excerpt":{"rendered":"<p>V\u00f6rn Diek in Dahme pure Gastfreundschaft Das Restaurant V\u00f6rn Diek ist die Adresse f\u00fcr\u00a0gutes Essen\u00a0am Dahmer\u00a0Strand. Mit Blick auf die Ostsee genie\u00dfen Sie ein gepflegtes Ambiente, mediterranes Essen mit\u00a0regionalem Charakter\u00a0aus frischen Zutaten und ausgew\u00e4hlte Getr\u00e4nke. Bleiben Sie gerne nach dem Essen auf einem Cocktail. Achten Sie auch auf unsere\u00a0Saisonkarten. Ambiente In Restaurant V\u00f6rn Diek erwartet [&hellip;]<\/p>\n","protected":false},"author":1,"featured_media":0,"parent":0,"menu_order":0,"comment_status":"closed","ping_status":"closed","template":"","meta":{"site-sidebar-layout":"no-sidebar","site-content-layout":"page-builder","ast-site-content-layout":"","site-content-style":"default","site-sidebar-style":"default","ast-global-header-display":"","ast-banner-title-visibility":"","ast-main-header-display":"","ast-hfb-above-header-display":"","ast-hfb-below-header-display":"","ast-hfb-mobile-header-display":"","site-post-title":"disabled","ast-breadcrumbs-content":"","ast-featured-img":"disabled","footer-sml-layout":"","theme-transparent-header-meta":"enabled","adv-header-id-meta":"","stick-header-meta":"","header-above-stick-meta":"","header-main-stick-meta":"","header-below-stick-meta":"","astra-migrate-meta-layouts":"default","ast-page-background-enabled":"default","ast-page-background-meta":{"desktop":{"background-color":"","background-image":"","background-repeat":"repeat","background-position":"center center","background-size":"auto","background-attachment":"scroll","background-type":"","background-media":"","overlay-type":"","overlay-color":"","overlay-gradient":""},"tablet":{"background-color":"","background-image":"","background-repeat":"repeat","background-position":"center center","background-size":"auto","background-attachment":"scroll","background-type":"","background-media":"","overlay-type":"","overlay-color":"","overlay-gradient":""},"mobile":{"background-color":"","background-image":"","background-repeat":"repeat","background-position":"center center","background-size":"auto","background-attachment":"scroll","background-type":"","background-media":"","overlay-type":"","overlay-color":"","overlay-gradient":""}},"ast-content-background-meta":{"desktop":{"background-color":"var(--ast-global-color-5)","background-image":"","background-repeat":"repeat","background-position":"center center","background-size":"auto","background-attachment":"scroll","background-type":"","background-media":"","overlay-type":"","overlay-color":"","overlay-gradient":""},"tablet":{"background-color":"var(--ast-global-color-5)","background-image":"","background-repeat":"repeat","background-position":"center center","background-size":"auto","background-attachment":"scroll","background-type":"","background-media":"","overlay-type":"","overlay-color":"","overlay-gradient":""},"mobile":{"background-color":"var(--ast-global-color-5)","background-image":"","background-repeat":"repeat","background-position":"center center","background-size":"auto","background-attachment":"scroll","background-type":"","background-media":"","overlay-type":"","overlay-color":"","overlay-gradient":""}},"footnotes":""},"class_list":["post-255","page","type-page","status-publish","hentry"],"_links":{"self":[{"href":"https:\/\/voerndiek.de\/wp-dayi\/index.php?rest_route=\/wp\/v2\/pages\/255","targetHints":{"allow":["GET"]}}],"collection":[{"href":"https:\/\/voerndiek.de\/wp-dayi\/index.php?rest_route=\/wp\/v2\/pages"}],"about":[{"href":"https:\/\/voerndiek.de\/wp-dayi\/index.php?rest_route=\/wp\/v2\/types\/page"}],"author":[{"embeddable":true,"href":"https:\/\/voerndiek.de\/wp-dayi\/index.php?rest_route=\/wp\/v2\/users\/1"}],"replies":[{"embeddable":true,"href":"https:\/\/voerndiek.de\/wp-dayi\/index.php?rest_route=%2Fwp%2Fv2%2Fcomments&post=255"}],"version-history":[{"count":69,"href":"https:\/\/voerndiek.de\/wp-dayi\/index.php?rest_route=\/wp\/v2\/pages\/255\/revisions"}],"predecessor-version":[{"id":1838,"href":"https:\/\/voerndiek.de\/wp-dayi\/index.php?rest_route=\/wp\/v2\/pages\/255\/revisions\/1838"}],"wp:attachment":[{"href":"https:\/\/voerndiek.de\/wp-dayi\/index.php?rest_route=%2Fwp%2Fv2%2Fmedia&parent=255"}],"curies":[{"name":"wp","href":"https:\/\/api.w.org\/{rel}","templated":true}]}}